{"id":5043,"date":"2023-06-13T13:49:40","date_gmt":"2023-06-13T10:49:40","guid":{"rendered":"https:\/\/kultepemaden.com\/?page_id=5043"},"modified":"2026-04-08T00:28:51","modified_gmt":"2026-04-07T21:28:51","slug":"kursun-cevherleri-ve-konsantreleri","status":"publish","type":"page","link":"https:\/\/kultepemaden.com\/?page_id=5043","title":{"rendered":"Kur\u015fun cevherleri ve konsantreleri"},"content":{"rendered":"\t\t<div data-elementor-type=\"wp-page\" data-elementor-id=\"5043\" class=\"elementor elementor-5043\">\n\t\t\t\t\t\t\t\t\t<section class=\"elementor-section elementor-top-section elementor-element elementor-element-3eb1c5a2 elementor-section-full_width elementor-section-height-min-height elementor-section-height-default elementor-section-items-middle\" data-id=\"3eb1c5a2\" data-element_type=\"section\" data-settings=\"{&quot;background_background&quot;:&quot;classic&quot;}\">\n\t\t\t\t\t\t\t<div class=\"elementor-background-overlay\"><\/div>\n\t\t\t\t\t\t\t<div class=\"elementor-container elementor-column-gap-default\">\n\t\t\t\t\t<div class=\"elementor-column elementor-col-100 elementor-top-column elementor-element elementor-element-35881c9d\" data-id=\"35881c9d\" data-element_type=\"column\">\n\t\t\t<div class=\"elementor-widget-wrap elementor-element-populated\">\n\t\t\t\t\t\t\t\t<div class=\"elementor-element elementor-element-633f9cc2 elementor-widget elementor-widget-spacer\" data-id=\"633f9cc2\" data-element_type=\"widget\" data-widget_type=\"spacer.default\">\n\t\t\t\t<div class=\"elementor-widget-container\">\n\t\t\t<style>\/*! elementor - v3.7.8 - 02-10-2022 *\/\n.elementor-column .elementor-spacer-inner{height:var(--spacer-size)}.e-container{--container-widget-width:100%}.e-container>.elementor-widget-spacer{width:var(--container-widget-width,var(--spacer-size));-ms-flex-item-align:stretch;align-self:stretch;-ms-flex-negative:0;flex-shrink:0}.e-container>.elementor-widget-spacer>.elementor-widget-container,.e-container>.elementor-widget-spacer>.elementor-widget-container>.elementor-spacer{height:100%}.e-container>.elementor-widget-spacer>.elementor-widget-container>.elementor-spacer>.elementor-spacer-inner{height:var(--container-widget-height,var(--spacer-size))}<\/style>\t\t<div class=\"elementor-spacer\">\n\t\t\t<div class=\"elementor-spacer-inner\"><\/div>\n\t\t<\/div>\n\t\t\t\t<\/div>\n\t\t\t\t<\/div>\n\t\t\t\t<div class=\"elementor-element elementor-element-1dc7e9a4 elementor-widget elementor-widget-spacer\" data-id=\"1dc7e9a4\" data-element_type=\"widget\" data-widget_type=\"spacer.default\">\n\t\t\t\t<div class=\"elementor-widget-container\">\n\t\t\t\t\t<div class=\"elementor-spacer\">\n\t\t\t<div class=\"elementor-spacer-inner\"><\/div>\n\t\t<\/div>\n\t\t\t\t<\/div>\n\t\t\t\t<\/div>\n\t\t\t\t<div class=\"elementor-element elementor-element-62db85d2 elementor-widget elementor-widget-heading\" data-id=\"62db85d2\" data-element_type=\"widget\" data-widget_type=\"heading.default\">\n\t\t\t\t<div class=\"elementor-widget-container\">\n\t\t\t<style>\/*! elementor - v3.7.8 - 02-10-2022 *\/\n.elementor-heading-title{padding:0;margin:0;line-height:1}.elementor-widget-heading .elementor-heading-title[class*=elementor-size-]>a{color:inherit;font-size:inherit;line-height:inherit}.elementor-widget-heading .elementor-heading-title.elementor-size-small{font-size:15px}.elementor-widget-heading .elementor-heading-title.elementor-size-medium{font-size:19px}.elementor-widget-heading .elementor-heading-title.elementor-size-large{font-size:29px}.elementor-widget-heading .elementor-heading-title.elementor-size-xl{font-size:39px}.elementor-widget-heading .elementor-heading-title.elementor-size-xxl{font-size:59px}<\/style><h2 class=\"elementor-heading-title elementor-size-default\">\u00dcR\u00dcNLER<\/h2>\t\t<\/div>\n\t\t\t\t<\/div>\n\t\t\t\t<div class=\"elementor-element elementor-element-2267f8ff elementor-widget elementor-widget-heading\" data-id=\"2267f8ff\" data-element_type=\"widget\" data-widget_type=\"heading.default\">\n\t\t\t\t<div class=\"elementor-widget-container\">\n\t\t\t<p class=\"elementor-heading-title elementor-size-small\">KULTEPE MADENC\u0130L\u0130K<\/p>\t\t<\/div>\n\t\t\t\t<\/div>\n\t\t\t\t<div class=\"elementor-element elementor-element-18f7b12f elementor-widget elementor-widget-spacer\" data-id=\"18f7b12f\" data-element_type=\"widget\" data-widget_type=\"spacer.default\">\n\t\t\t\t<div class=\"elementor-widget-container\">\n\t\t\t\t\t<div class=\"elementor-spacer\">\n\t\t\t<div class=\"elementor-spacer-inner\"><\/div>\n\t\t<\/div>\n\t\t\t\t<\/div>\n\t\t\t\t<\/div>\n\t\t\t\t\t<\/div>\n\t\t<\/div>\n\t\t\t\t\t\t\t<\/div>\n\t\t<\/section>\n\t\t\t\t<section class=\"elementor-section elementor-top-section elementor-element elementor-element-18312288 elementor-section-boxed elementor-section-height-default elementor-section-height-default\" data-id=\"18312288\" data-element_type=\"section\">\n\t\t\t\t\t\t<div class=\"elementor-container elementor-column-gap-default\">\n\t\t\t\t\t<div class=\"elementor-column elementor-col-50 elementor-top-column elementor-element elementor-element-18b6057e\" data-id=\"18b6057e\" data-element_type=\"column\">\n\t\t\t<div class=\"elementor-widget-wrap elementor-element-populated\">\n\t\t\t\t\t\t\t\t<div class=\"elementor-element elementor-element-258882ce elementor-widget elementor-widget-spacer\" data-id=\"258882ce\" data-element_type=\"widget\" data-widget_type=\"spacer.default\">\n\t\t\t\t<div class=\"elementor-widget-container\">\n\t\t\t\t\t<div class=\"elementor-spacer\">\n\t\t\t<div class=\"elementor-spacer-inner\"><\/div>\n\t\t<\/div>\n\t\t\t\t<\/div>\n\t\t\t\t<\/div>\n\t\t\t\t\t<\/div>\n\t\t<\/div>\n\t\t\t\t<div class=\"elementor-column elementor-col-50 elementor-top-column elementor-element elementor-element-6b178661\" data-id=\"6b178661\" data-element_type=\"column\">\n\t\t\t<div class=\"elementor-widget-wrap\">\n\t\t\t\t\t\t\t\t\t<\/div>\n\t\t<\/div>\n\t\t\t\t\t\t\t<\/div>\n\t\t<\/section>\n\t\t\t\t<section class=\"elementor-section elementor-top-section elementor-element elementor-element-3ce0c403 elementor-section-boxed elementor-section-height-default elementor-section-height-default\" data-id=\"3ce0c403\" data-element_type=\"section\">\n\t\t\t\t\t\t<div class=\"elementor-container elementor-column-gap-default\">\n\t\t\t\t\t<div class=\"elementor-column elementor-col-100 elementor-top-column elementor-element elementor-element-6c5c6bc4\" data-id=\"6c5c6bc4\" data-element_type=\"column\">\n\t\t\t<div class=\"elementor-widget-wrap elementor-element-populated\">\n\t\t\t\t\t\t\t\t<section class=\"elementor-section elementor-inner-section elementor-element elementor-element-60ce1a6c elementor-section-boxed elementor-section-height-default elementor-section-height-default\" data-id=\"60ce1a6c\" data-element_type=\"section\">\n\t\t\t\t\t\t<div class=\"elementor-container elementor-column-gap-extended\">\n\t\t\t\t\t<div class=\"elementor-column elementor-col-50 elementor-inner-column elementor-element elementor-element-401da606\" data-id=\"401da606\" data-element_type=\"column\">\n\t\t\t<div class=\"elementor-widget-wrap elementor-element-populated\">\n\t\t\t\t\t\t\t\t<div class=\"elementor-element elementor-element-6e0ebb50 elementor-align-justify elementor-widget elementor-widget-button\" data-id=\"6e0ebb50\" data-element_type=\"widget\" data-settings=\"{&quot;sticky&quot;:&quot;top&quot;,&quot;sticky_parent&quot;:&quot;yes&quot;,&quot;sticky_on&quot;:[&quot;desktop&quot;,&quot;tablet&quot;,&quot;mobile&quot;],&quot;sticky_offset&quot;:0,&quot;sticky_effects_offset&quot;:0}\" data-widget_type=\"button.default\">\n\t\t\t\t<div class=\"elementor-widget-container\">\n\t\t\t\t\t<div class=\"elementor-button-wrapper\">\n\t\t\t<a href=\"#\" class=\"elementor-button-link elementor-button elementor-size-md\" role=\"button\">\n\t\t\t\t\t\t<span class=\"elementor-button-content-wrapper\">\n\t\t\t\t\t\t<span class=\"elementor-button-text\">\u00dcR\u00dcNLER<\/span>\n\t\t<\/span>\n\t\t\t\t\t<\/a>\n\t\t<\/div>\n\t\t\t\t<\/div>\n\t\t\t\t<\/div>\n\t\t\t\t<div class=\"elementor-element elementor-element-536c1ec5 elementor-nav-menu--dropdown-tablet elementor-nav-menu__text-align-aside elementor-nav-menu--toggle elementor-nav-menu--burger elementor-widget elementor-widget-nav-menu\" data-id=\"536c1ec5\" data-element_type=\"widget\" data-settings=\"{&quot;layout&quot;:&quot;vertical&quot;,&quot;sticky&quot;:&quot;top&quot;,&quot;submenu_icon&quot;:{&quot;value&quot;:&quot;&lt;i class=\\&quot;\\&quot;&gt;&lt;\\\/i&gt;&quot;,&quot;library&quot;:&quot;&quot;},&quot;sticky_parent&quot;:&quot;yes&quot;,&quot;toggle&quot;:&quot;burger&quot;,&quot;sticky_on&quot;:[&quot;desktop&quot;,&quot;tablet&quot;,&quot;mobile&quot;],&quot;sticky_offset&quot;:0,&quot;sticky_effects_offset&quot;:0}\" data-widget_type=\"nav-menu.default\">\n\t\t\t\t<div class=\"elementor-widget-container\">\n\t\t\t<link rel=\"stylesheet\" href=\"https:\/\/kultepemaden.com\/wp-content\/plugins\/elementor-pro\/assets\/css\/widget-nav-menu.min.css\">\t\t\t<nav migration_allowed=\"1\" migrated=\"0\" role=\"navigation\" class=\"elementor-nav-menu--main elementor-nav-menu__container elementor-nav-menu--layout-vertical e--pointer-background e--animation-fade\">\n\t\t\t\t<ul id=\"menu-1-536c1ec5\" class=\"elementor-nav-menu sm-vertical\"><li class=\"menu-item menu-item-type-post_type menu-item-object-page menu-item-5033\"><a href=\"https:\/\/kultepemaden.com\/?page_id=5026\" class=\"elementor-item\"><span class=\"dashicons dashicons-arrow-right-alt2\"><\/span>Bak\u0131r Cevherleri ve Konsantreleri<\/a><\/li>\n<li class=\"menu-item menu-item-type-post_type menu-item-object-page menu-item-5051\"><a href=\"https:\/\/kultepemaden.com\/?page_id=5043\" class=\"elementor-item\"><span class=\"dashicons dashicons-arrow-right-alt2\"><\/span>Kur\u015fun Cevherleri ve Konsantreleri<\/a><\/li>\n<li class=\"menu-item menu-item-type-post_type menu-item-object-page menu-item-5125\"><a href=\"https:\/\/kultepemaden.com\/?page_id=5055\" class=\"elementor-item\"><span class=\"dashicons dashicons-arrow-right-alt2\"><\/span>\u00c7inko Cevherleri ve Konsantreleri<\/a><\/li>\n<li class=\"menu-item menu-item-type-post_type menu-item-object-page menu-item-5126\"><a href=\"https:\/\/kultepemaden.com\/?page_id=5066\" class=\"elementor-item\"><span class=\"dashicons dashicons-arrow-right-alt2\"><\/span>Krom Cevherleri ve Konsantreleri<\/a><\/li>\n<li class=\"menu-item menu-item-type-post_type menu-item-object-page menu-item-5127\"><a href=\"https:\/\/kultepemaden.com\/?page_id=5074\" class=\"elementor-item\"><span class=\"dashicons dashicons-arrow-right-alt2\"><\/span>Demir Cevheri<\/a><\/li>\n<li class=\"menu-item menu-item-type-post_type menu-item-object-page menu-item-5128\"><a href=\"https:\/\/kultepemaden.com\/?page_id=5082\" class=\"elementor-item\"><span class=\"dashicons dashicons-arrow-right-alt2\"><\/span>Al\u00e7\u0131 Ta\u015f\u0131<\/a><\/li>\n<\/ul>\t\t\t<\/nav>\n\t\t\t\t\t<div class=\"elementor-menu-toggle\" role=\"button\" tabindex=\"0\" aria-label=\"Menu Toggle\" aria-expanded=\"false\">\n\t\t\t<i aria-hidden=\"true\" role=\"presentation\" class=\"elementor-menu-toggle__icon--open eicon-menu-bar\"><\/i><i aria-hidden=\"true\" role=\"presentation\" class=\"elementor-menu-toggle__icon--close eicon-close\"><\/i>\t\t\t<span class=\"elementor-screen-only\">Menu<\/span>\n\t\t<\/div>\n\t\t\t<nav class=\"elementor-nav-menu--dropdown elementor-nav-menu__container\" role=\"navigation\" aria-hidden=\"true\">\n\t\t\t\t<ul id=\"menu-2-536c1ec5\" class=\"elementor-nav-menu sm-vertical\"><li class=\"menu-item menu-item-type-post_type menu-item-object-page menu-item-5033\"><a href=\"https:\/\/kultepemaden.com\/?page_id=5026\" class=\"elementor-item\" tabindex=\"-1\"><span class=\"dashicons dashicons-arrow-right-alt2\"><\/span>Bak\u0131r Cevherleri ve Konsantreleri<\/a><\/li>\n<li class=\"menu-item menu-item-type-post_type menu-item-object-page menu-item-5051\"><a href=\"https:\/\/kultepemaden.com\/?page_id=5043\" class=\"elementor-item\" tabindex=\"-1\"><span class=\"dashicons dashicons-arrow-right-alt2\"><\/span>Kur\u015fun Cevherleri ve Konsantreleri<\/a><\/li>\n<li class=\"menu-item menu-item-type-post_type menu-item-object-page menu-item-5125\"><a href=\"https:\/\/kultepemaden.com\/?page_id=5055\" class=\"elementor-item\" tabindex=\"-1\"><span class=\"dashicons dashicons-arrow-right-alt2\"><\/span>\u00c7inko Cevherleri ve Konsantreleri<\/a><\/li>\n<li class=\"menu-item menu-item-type-post_type menu-item-object-page menu-item-5126\"><a href=\"https:\/\/kultepemaden.com\/?page_id=5066\" class=\"elementor-item\" tabindex=\"-1\"><span class=\"dashicons dashicons-arrow-right-alt2\"><\/span>Krom Cevherleri ve Konsantreleri<\/a><\/li>\n<li class=\"menu-item menu-item-type-post_type menu-item-object-page menu-item-5127\"><a href=\"https:\/\/kultepemaden.com\/?page_id=5074\" class=\"elementor-item\" tabindex=\"-1\"><span class=\"dashicons dashicons-arrow-right-alt2\"><\/span>Demir Cevheri<\/a><\/li>\n<li class=\"menu-item menu-item-type-post_type menu-item-object-page menu-item-5128\"><a href=\"https:\/\/kultepemaden.com\/?page_id=5082\" class=\"elementor-item\" tabindex=\"-1\"><span class=\"dashicons dashicons-arrow-right-alt2\"><\/span>Al\u00e7\u0131 Ta\u015f\u0131<\/a><\/li>\n<\/ul>\t\t\t<\/nav>\n\t\t\t\t<\/div>\n\t\t\t\t<\/div>\n\t\t\t\t\t<\/div>\n\t\t<\/div>\n\t\t\t\t<div class=\"elementor-column elementor-col-50 elementor-inner-column elementor-element elementor-element-7a0ce840\" data-id=\"7a0ce840\" data-element_type=\"column\">\n\t\t\t<div class=\"elementor-widget-wrap elementor-element-populated\">\n\t\t\t\t\t\t\t\t<div class=\"elementor-element elementor-element-d41bae6 elementor-widget elementor-widget-heading\" data-id=\"d41bae6\" data-element_type=\"widget\" data-widget_type=\"heading.default\">\n\t\t\t\t<div class=\"elementor-widget-container\">\n\t\t\t<h2 class=\"elementor-heading-title elementor-size-medium\">Kur\u015fun Cevherleri ve Konsantreleri<\/h2>\t\t<\/div>\n\t\t\t\t<\/div>\n\t\t\t\t<div class=\"elementor-element elementor-element-53ce932d elementor-widget elementor-widget-spacer\" data-id=\"53ce932d\" data-element_type=\"widget\" data-widget_type=\"spacer.default\">\n\t\t\t\t<div class=\"elementor-widget-container\">\n\t\t\t\t\t<div class=\"elementor-spacer\">\n\t\t\t<div class=\"elementor-spacer-inner\"><\/div>\n\t\t<\/div>\n\t\t\t\t<\/div>\n\t\t\t\t<\/div>\n\t\t\t\t<div class=\"elementor-element elementor-element-5a2da752 elementor-widget elementor-widget-text-editor\" data-id=\"5a2da752\" data-element_type=\"widget\" data-widget_type=\"text-editor.default\">\n\t\t\t\t<div class=\"elementor-widget-container\">\n\t\t\t<style>\/*! elementor - v3.7.8 - 02-10-2022 *\/\n.elementor-widget-text-editor.elementor-drop-cap-view-stacked .elementor-drop-cap{background-color:#818a91;color:#fff}.elementor-widget-text-editor.elementor-drop-cap-view-framed .elementor-drop-cap{color:#818a91;border:3px solid;background-color:transparent}.elementor-widget-text-editor:not(.elementor-drop-cap-view-default) .elementor-drop-cap{margin-top:8px}.elementor-widget-text-editor:not(.elementor-drop-cap-view-default) .elementor-drop-cap-letter{width:1em;height:1em}.elementor-widget-text-editor .elementor-drop-cap{float:left;text-align:center;line-height:1;font-size:50px}.elementor-widget-text-editor .elementor-drop-cap-letter{display:inline-block}<\/style>\t\t\t\t\t\t\t\t\t\t<\/div>\n\t\t\t\t<\/div>\n\t\t\t\t<div class=\"elementor-element elementor-element-c4f4679 elementor-widget elementor-widget-image\" data-id=\"c4f4679\" data-element_type=\"widget\" data-widget_type=\"image.default\">\n\t\t\t\t<div class=\"elementor-widget-container\">\n\t\t\t<style>\/*! elementor - v3.7.8 - 02-10-2022 *\/\n.elementor-widget-image{text-align:center}.elementor-widget-image a{display:inline-block}.elementor-widget-image a img[src$=\".svg\"]{width:48px}.elementor-widget-image img{vertical-align:middle;display:inline-block}<\/style>\t\t\t\t\t\t\t\t\t\t\t\t<img loading=\"lazy\" decoding=\"async\" width=\"1024\" height=\"769\" src=\"https:\/\/kultepemaden.com\/wp-content\/uploads\/2023\/06\/rough-galena-with-chalcopyrite-rock-isolated-2021-08-31-21-41-22-utc-1024x769.jpeg\" class=\"attachment-large size-large\" alt=\"\" srcset=\"https:\/\/kultepemaden.com\/wp-content\/uploads\/2023\/06\/rough-galena-with-chalcopyrite-rock-isolated-2021-08-31-21-41-22-utc-1024x769.jpeg 1024w, https:\/\/kultepemaden.com\/wp-content\/uploads\/2023\/06\/rough-galena-with-chalcopyrite-rock-isolated-2021-08-31-21-41-22-utc-300x225.jpeg 300w, https:\/\/kultepemaden.com\/wp-content\/uploads\/2023\/06\/rough-galena-with-chalcopyrite-rock-isolated-2021-08-31-21-41-22-utc-768x576.jpeg 768w, https:\/\/kultepemaden.com\/wp-content\/uploads\/2023\/06\/rough-galena-with-chalcopyrite-rock-isolated-2021-08-31-21-41-22-utc-1536x1153.jpeg 1536w, https:\/\/kultepemaden.com\/wp-content\/uploads\/2023\/06\/rough-galena-with-chalcopyrite-rock-isolated-2021-08-31-21-41-22-utc-535x402.jpeg 535w, https:\/\/kultepemaden.com\/wp-content\/uploads\/2023\/06\/rough-galena-with-chalcopyrite-rock-isolated-2021-08-31-21-41-22-utc.jpeg 1920w\" sizes=\"auto, (max-width: 1024px) 100vw, 1024px\" \/>\t\t\t\t\t\t\t\t\t\t\t\t\t\t\t<\/div>\n\t\t\t\t<\/div>\n\t\t\t\t<div class=\"elementor-element elementor-element-d0a60fb elementor-widget elementor-widget-text-editor\" data-id=\"d0a60fb\" data-element_type=\"widget\" data-widget_type=\"text-editor.default\">\n\t\t\t\t<div class=\"elementor-widget-container\">\n\t\t\t\t\t\t\t<table><tbody><tr><td colspan=\"2\" width=\"157\"><p><strong>Kur\u015fun Analizi<\/strong><\/p><\/td><\/tr><tr><td width=\"52\"><p><strong>Cu<\/strong><\/p><\/td><td width=\"105\"><p>0.02%<\/p><\/td><\/tr><tr><td width=\"52\"><p><strong>Pb<\/strong><\/p><\/td><td width=\"105\"><p>55-65%<\/p><\/td><\/tr><tr><td width=\"52\"><p><strong>Zn<\/strong><\/p><\/td><td width=\"105\"><p>0.88%<\/p><\/td><\/tr><tr><td width=\"52\"><p><strong>As<\/strong><\/p><\/td><td width=\"105\"><p>0.25%<\/p><\/td><\/tr><tr><td width=\"52\"><p><strong>Cd<\/strong><\/p><\/td><td width=\"105\"><p>0.0027%<\/p><\/td><\/tr><tr><td width=\"52\"><p><strong>Ni<\/strong><\/p><\/td><td width=\"105\"><p>0.001%<\/p><\/td><\/tr><tr><td width=\"52\"><p><strong>Co<\/strong><\/p><\/td><td width=\"105\"><p>&lt;0.001%<\/p><\/td><\/tr><tr><td width=\"52\"><p><strong>Mn<\/strong><\/p><\/td><td width=\"105\"><p>&lt;0.01%<\/p><\/td><\/tr><tr><td width=\"52\"><p><strong>Bi<\/strong><\/p><\/td><td width=\"105\"><p>0.0001%<\/p><\/td><\/tr><tr><td width=\"52\"><p><strong>Sb<\/strong><\/p><\/td><td width=\"105\"><p>0.0207%<\/p><\/td><\/tr><tr><td width=\"52\"><p><strong>Hg<\/strong><\/p><\/td><td width=\"105\"><p>85 ppm%<\/p><\/td><\/tr><tr><td width=\"52\"><p><strong>Te<\/strong><\/p><\/td><td width=\"105\"><p>&lt;0.0001%<\/p><\/td><\/tr><tr><td width=\"52\"><p><strong>Se<\/strong><\/p><\/td><td width=\"105\"><p>0.0001%<\/p><\/td><\/tr><tr><td width=\"52\"><p><strong>SiO2<\/strong><\/p><\/td><td width=\"105\"><p>9.33%<\/p><\/td><\/tr><tr><td width=\"52\"><p><strong>Al<\/strong><\/p><\/td><td width=\"105\"><p>0.21%<\/p><\/td><\/tr><tr><td width=\"52\"><p><strong>Fe<\/strong><\/p><\/td><td width=\"105\"><p>11.5%<\/p><\/td><\/tr><tr><td width=\"52\"><p><strong>Mg<\/strong><\/p><\/td><td width=\"105\"><p>0.03%<\/p><\/td><\/tr><tr><td width=\"52\"><p><strong>Cr<\/strong><\/p><\/td><td width=\"105\"><p>0.01%<\/p><\/td><\/tr><tr><td width=\"52\"><p><strong>Ca<\/strong><\/p><\/td><td width=\"105\"><p>0.44%<\/p><\/td><\/tr><tr><td width=\"52\"><p><strong>S<\/strong><\/p><\/td><td width=\"105\"><p>4.09%<\/p><\/td><\/tr><tr><td width=\"52\"><p><strong>In<\/strong><\/p><\/td><td width=\"105\"><p>20 ppm%<\/p><\/td><\/tr><tr><td width=\"52\"><p><strong>Cl<\/strong><\/p><\/td><td width=\"105\"><p>611 ppm%<\/p><\/td><\/tr><tr><td width=\"52\"><p><strong>Au<\/strong><\/p><\/td><td width=\"105\"><p>0.22%<\/p><\/td><\/tr><tr><td width=\"52\"><p><strong>Ag<\/strong><\/p><\/td><td width=\"105\"><p>287.9%<\/p><\/td><\/tr><\/tbody><\/table>\t\t\t\t\t\t<\/div>\n\t\t\t\t<\/div>\n\t\t\t\t\t<\/div>\n\t\t<\/div>\n\t\t\t\t\t\t\t<\/div>\n\t\t<\/section>\n\t\t\t\t<div class=\"elementor-element elementor-element-3c84fa76 elementor-widget elementor-widget-spacer\" data-id=\"3c84fa76\" data-element_type=\"widget\" data-widget_type=\"spacer.default\">\n\t\t\t\t<div class=\"elementor-widget-container\">\n\t\t\t\t\t<div class=\"elementor-spacer\">\n\t\t\t<div class=\"elementor-spacer-inner\"><\/div>\n\t\t<\/div>\n\t\t\t\t<\/div>\n\t\t\t\t<\/div>\n\t\t\t\t\t<\/div>\n\t\t<\/div>\n\t\t\t\t\t\t\t<\/div>\n\t\t<\/section>\n\t\t\t\t\t\t\t<\/div>\n\t\t","protected":false},"excerpt":{"rendered":"<p>\u00dcR\u00dcNLER KULTEPE MADENC\u0130L\u0130K \u00dcR\u00dcNLER Kur\u015fun Cevherleri ve Konsantreleri Kur\u015fun Analizi Cu 0.02% Pb 55-65% Zn 0.88% As 0.25% Cd 0.0027% Ni 0.001% Co &lt;0.001% Mn &lt;0.01% Bi 0.0001% Sb 0.0207% Hg 85 ppm% Te &lt;0.0001% Se 0.0001% SiO2 9.33% Al 0.21% Fe 11.5% Mg 0.03% Cr 0.01% Ca 0.44% S<\/p>\n","protected":false},"author":1,"featured_media":0,"parent":0,"menu_order":0,"comment_status":"closed","ping_status":"closed","template":"elementor_header_footer","meta":{"_monsterinsights_skip_tracking":false,"_monsterinsights_sitenote_active":false,"_monsterinsights_sitenote_note":"","_monsterinsights_sitenote_category":0,"footnotes":""},"class_list":["post-5043","page","type-page","status-publish","hentry"],"aioseo_notices":[],"_links":{"self":[{"href":"https:\/\/kultepemaden.com\/index.php?rest_route=\/wp\/v2\/pages\/5043","targetHints":{"allow":["GET"]}}],"collection":[{"href":"https:\/\/kultepemaden.com\/index.php?rest_route=\/wp\/v2\/pages"}],"about":[{"href":"https:\/\/kultepemaden.com\/index.php?rest_route=\/wp\/v2\/types\/page"}],"author":[{"embeddable":true,"href":"https:\/\/kultepemaden.com\/index.php?rest_route=\/wp\/v2\/users\/1"}],"replies":[{"embeddable":true,"href":"https:\/\/kultepemaden.com\/index.php?rest_route=%2Fwp%2Fv2%2Fcomments&post=5043"}],"version-history":[{"count":18,"href":"https:\/\/kultepemaden.com\/index.php?rest_route=\/wp\/v2\/pages\/5043\/revisions"}],"predecessor-version":[{"id":5148,"href":"https:\/\/kultepemaden.com\/index.php?rest_route=\/wp\/v2\/pages\/5043\/revisions\/5148"}],"wp:attachment":[{"href":"https:\/\/kultepemaden.com\/index.php?rest_route=%2Fwp%2Fv2%2Fmedia&parent=5043"}],"curies":[{"name":"wp","href":"https:\/\/api.w.org\/{rel}","templated":true}]}}